{"id":997,"date":"2026-01-05T16:08:46","date_gmt":"2026-01-05T15:08:46","guid":{"rendered":"https:\/\/www.solutstore.com\/?post_type=product&#038;p=997"},"modified":"2026-02-13T17:47:33","modified_gmt":"2026-02-13T16:47:33","slug":"dell-inspiron-p74g-core-i5-8250u1-8ggz-8g-256g-ssd","status":"publish","type":"product","link":"https:\/\/www.solutstore.com\/?product=dell-inspiron-p74g-core-i5-8250u1-8ggz-8g-256g-ssd","title":{"rendered":"Dell Inspiron P74G, Core i5-8250U@1.8GGz, 8G, 256G SSD"},"content":{"rendered":"<p>Le <strong data-start=\"224\" data-end=\"246\">Dell Inspiron P74G<\/strong> est un <strong data-start=\"254\" data-end=\"312\">ordinateur portable polyvalent de la s\u00e9rie Inspiron 14<\/strong>, con\u00e7u pour offrir une combinaison \u00e9quilibr\u00e9e de performance, portabilit\u00e9 et fonctionnalit\u00e9s pour un usage quotidien, professionnel ou \u00e9ducatif. Ce mod\u00e8le est souvent r\u00e9f\u00e9renc\u00e9 sous la d\u00e9signation <strong data-start=\"510\" data-end=\"568\">Inspiron 14 7000 (mod\u00e8le r\u00e9glementaire P74G \/ P74G001)<\/strong>.<\/p>\n<article class=\"col8 -pvs\">\n<div class=\"card-b -fh\">\n<h2 class=\"hdr -upp -fs14 -m -pam\">Principales caract\u00e9ristiques<\/h2>\n<div class=\"markup -pam\">\n<ul>\n<li>Nom du produit : Dell Inspiron P74G<\/li>\n<li>Micro processeur :\u00a0 Intel\u00aeCore\u2122i5-5250U, 1.8 GHz<\/li>\n<li>M\u00e9moire, standard : 8 Go DDR4<\/li>\n<li>Graphiques vid\u00e9o :\u00a0\u00a0Intel graphique UHD int\u00e9gr\u00e9<\/li>\n<li>Taille de l&rsquo;\u00e9cran: 14&Prime;<\/li>\n<li>Disque dur : 256 Go SSD<\/li>\n<li>Clavier : QW<strong>ERTY<\/strong><\/li>\n<li>Connectivit\u00e9 sans fil : Intel 802.11ac (1&#215;1)<\/li>\n<li>Interface r\u00e9seau\u00a0: LAN Ethernet 10\/100 BASE-T int\u00e9gr\u00e9<\/li>\n<li>Webcam : Webcam TrueVision HD (face \u00e0 l&rsquo;avant) avec microphone num\u00e9rique int\u00e9gr\u00e9<\/li>\n<\/ul>\n<\/div>\n<\/div>\n<\/article>\n<article class=\"col8 -pvs\">\n<div class=\"card-b -fh\">\n<div class=\"markup -pam\">\n<p>&nbsp;<\/p>\n<\/div>\n<\/div>\n<\/article>\n","protected":false},"excerpt":{"rendered":"<p>Dell Inspiron P74G \u2013 Ordinateur Portable 14 pouces<\/p>\n","protected":false},"featured_media":1003,"comment_status":"open","ping_status":"closed","template":"","meta":[],"product_brand":[28],"product_cat":[188,141,107],"product_tag":[158,173,157,134,155,156],"class_list":{"0":"post-997","1":"product","2":"type-product","3":"status-publish","4":"has-post-thumbnail","6":"product_brand-dell","7":"product_cat-grade-b","8":"product_cat-occasion","9":"product_cat-ordinateur","10":"product_tag-core-i3","11":"product_tag-hp-elitebook-850-g3","12":"product_tag-laptop","13":"product_tag-ordinateur","14":"product_tag-pc","15":"product_tag-performance","17":"first","18":"outofstock","19":"sale","20":"taxable","21":"shipping-taxable","22":"purchasable","23":"product-type-simple"},"_links":{"self":[{"href":"https:\/\/www.solutstore.com\/index.php?rest_route=\/wp\/v2\/product\/997","targetHints":{"allow":["GET"]}}],"collection":[{"href":"https:\/\/www.solutstore.com\/index.php?rest_route=\/wp\/v2\/product"}],"about":[{"href":"https:\/\/www.solutstore.com\/index.php?rest_route=\/wp\/v2\/types\/product"}],"replies":[{"embeddable":true,"href":"https:\/\/www.solutstore.com\/index.php?rest_route=%2Fwp%2Fv2%2Fcomments&post=997"}],"wp:featuredmedia":[{"embeddable":true,"href":"https:\/\/www.solutstore.com\/index.php?rest_route=\/wp\/v2\/media\/1003"}],"wp:attachment":[{"href":"https:\/\/www.solutstore.com\/index.php?rest_route=%2Fwp%2Fv2%2Fmedia&parent=997"}],"wp:term":[{"taxonomy":"product_brand","embeddable":true,"href":"https:\/\/www.solutstore.com\/index.php?rest_route=%2Fwp%2Fv2%2Fproduct_brand&post=997"},{"taxonomy":"product_cat","embeddable":true,"href":"https:\/\/www.solutstore.com\/index.php?rest_route=%2Fwp%2Fv2%2Fproduct_cat&post=997"},{"taxonomy":"product_tag","embeddable":true,"href":"https:\/\/www.solutstore.com\/index.php?rest_route=%2Fwp%2Fv2%2Fproduct_tag&post=997"}],"curies":[{"name":"wp","href":"https:\/\/api.w.org\/{rel}","templated":true}]}}