{"id":836,"date":"2025-09-19T21:36:50","date_gmt":"2025-09-19T19:36:50","guid":{"rendered":"https:\/\/www.solutstore.com\/?post_type=product&#038;p=836"},"modified":"2025-12-27T19:36:36","modified_gmt":"2025-12-27T18:36:36","slug":"hp-elitebook-850-g3-core-i3-6gen-8g-ram-128-g-ssd-ecran-156","status":"publish","type":"product","link":"https:\/\/www.solutstore.com\/?product=hp-elitebook-850-g3-core-i3-6gen-8g-ram-128-g-ssd-ecran-156","title":{"rendered":"Hp Elitebook 850 G3, core i3 6gen, 8G ram, 128 G ssd, \u00e9cran 15,6"},"content":{"rendered":"<h4>D\u00e9couvrez des PC fiables qui passent facilement le test d&rsquo;ambiance. Les PC Dell sont dot\u00e9s d&rsquo;une technologie fiable, d&rsquo;une puissance de pointe et de performances \u00e0 toute \u00e9preuve qui transforment vos listes de t\u00e2ches en listes de t\u00e2ches accomplies.<\/h4>\n<h4>Processeur Intel\u00ae Core\u2122<\/h4>\n<p>Obtenez les performances et les capacit\u00e9s graphiques dont vous avez besoin gr\u00e2ce au processeur Intel\u00ae, le tout \u00e0 un prix abordable qui vous permet de vous connecter, d\u2019apprendre et de jouer en toute libert\u00e9.<\/p>\n<p>&nbsp;<\/p>\n<article class=\"col8 -pvs\">\n<div class=\"card-b -fh\">\n<h2 class=\"hdr -upp -fs14 -m -pam\">Principales caract\u00e9ristiques<\/h2>\n<div class=\"markup -pam\">\n<ul>\n<li>Nom du produit : Hp Elitebook 850 G3<\/li>\n<li>Micro processeur :\u00a0 Intel\u00aeCore\u2122i3-6065U, 1.9 GHz<\/li>\n<li>M\u00e9moire, standard : 8 Go DDR4-3200MHz<\/li>\n<li>Graphiques vid\u00e9o :\u00a0\u00a0Intel graphique UHD int\u00e9gr\u00e9<\/li>\n<li>Taille de l&rsquo;\u00e9cran: 15.6&Prime;<\/li>\n<li>Disque dur : 128 Go SSD M2-nVME<\/li>\n<li>Clavier\u00a0:\u00a0<strong>AZERTY<\/strong><\/li>\n<li>Connectivit\u00e9 sans fil : Intel 802.11ac (1&#215;1)<\/li>\n<li>Interface r\u00e9seau\u00a0: LAN Ethernet 10\/100 BASE-T int\u00e9gr\u00e9<\/li>\n<li>Webcam\u00a0: Webcam HP TrueVision HD (face \u00e0 l&rsquo;avant) avec microphone num\u00e9rique int\u00e9gr\u00e9<\/li>\n<\/ul>\n<\/div>\n<\/div>\n<\/article>\n<article class=\"col8 -pvs\">\n<div class=\"card-b -fh\">\n<div class=\"markup -pam\">\n<p>&nbsp;<\/p>\n<\/div>\n<\/div>\n<\/article>\n","protected":false},"excerpt":{"rendered":"<p>D\u00e9couvrez des PC fiables qui passent facilement le test d&rsquo;ambiance. Les PC Dell sont dot\u00e9s d&rsquo;une technologie fiable, d&rsquo;une puissance de pointe et de performances \u00e0 toute \u00e9preuve qui transforment vos listes de t\u00e2ches en listes de t\u00e2ches accomplies. Processeur Intel\u00ae Core\u2122 Obtenez les performances et les capacit\u00e9s graphiques dont vous avez besoin gr\u00e2ce au [&hellip;]<\/p>\n","protected":false},"featured_media":830,"comment_status":"open","ping_status":"closed","template":"","meta":[],"product_brand":[27],"product_cat":[107,142],"product_tag":[158,173,157,134,155,156],"class_list":{"0":"post-836","1":"product","2":"type-product","3":"status-publish","4":"has-post-thumbnail","6":"product_brand-hp","7":"product_cat-ordinateur","8":"product_cat-quasi-neuf","9":"product_tag-core-i3","10":"product_tag-hp-elitebook-850-g3","11":"product_tag-laptop","12":"product_tag-ordinateur","13":"product_tag-pc","14":"product_tag-performance","16":"first","17":"outofstock","18":"sale","19":"taxable","20":"shipping-taxable","21":"purchasable","22":"product-type-simple"},"_links":{"self":[{"href":"https:\/\/www.solutstore.com\/index.php?rest_route=\/wp\/v2\/product\/836","targetHints":{"allow":["GET"]}}],"collection":[{"href":"https:\/\/www.solutstore.com\/index.php?rest_route=\/wp\/v2\/product"}],"about":[{"href":"https:\/\/www.solutstore.com\/index.php?rest_route=\/wp\/v2\/types\/product"}],"replies":[{"embeddable":true,"href":"https:\/\/www.solutstore.com\/index.php?rest_route=%2Fwp%2Fv2%2Fcomments&post=836"}],"wp:featuredmedia":[{"embeddable":true,"href":"https:\/\/www.solutstore.com\/index.php?rest_route=\/wp\/v2\/media\/830"}],"wp:attachment":[{"href":"https:\/\/www.solutstore.com\/index.php?rest_route=%2Fwp%2Fv2%2Fmedia&parent=836"}],"wp:term":[{"taxonomy":"product_brand","embeddable":true,"href":"https:\/\/www.solutstore.com\/index.php?rest_route=%2Fwp%2Fv2%2Fproduct_brand&post=836"},{"taxonomy":"product_cat","embeddable":true,"href":"https:\/\/www.solutstore.com\/index.php?rest_route=%2Fwp%2Fv2%2Fproduct_cat&post=836"},{"taxonomy":"product_tag","embeddable":true,"href":"https:\/\/www.solutstore.com\/index.php?rest_route=%2Fwp%2Fv2%2Fproduct_tag&post=836"}],"curies":[{"name":"wp","href":"https:\/\/api.w.org\/{rel}","templated":true}]}}