{"id":801,"date":"2025-09-02T15:02:04","date_gmt":"2025-09-02T13:02:04","guid":{"rendered":"https:\/\/www.solutstore.com\/?post_type=product&#038;p=801"},"modified":"2025-12-29T22:18:55","modified_gmt":"2025-12-29T21:18:55","slug":"hp-elitebook-840-g6-core-i7-8e-16g-ram-512-g-ssd-ecran-14","status":"publish","type":"product","link":"https:\/\/www.solutstore.com\/?product=hp-elitebook-840-g6-core-i7-8e-16g-ram-512-g-ssd-ecran-14","title":{"rendered":"Hp Elitebook 840 G6, core i7 8\u00e8, 16G ram, 512 G ssd, \u00e9cran 14"},"content":{"rendered":"<p>D\u00e9couvrez des PC fiables qui passent facilement le test d&rsquo;ambiance. Les PC HP sont dot\u00e9s d&rsquo;une technologie fiable, d&rsquo;une puissance de pointe et de performances \u00e0 toute \u00e9preuve qui transforment vos listes de t\u00e2ches en listes de t\u00e2ches accomplies.<\/p>\n<h4>Processeur Intel\u00ae Core\u2122<\/h4>\n<p>Obtenez les performances et les capacit\u00e9s graphiques dont vous avez besoin gr\u00e2ce au processeur Intel\u00ae, le tout \u00e0 un prix abordable qui vous permet de vous connecter, d\u2019apprendre et de jouer en toute libert\u00e9.<\/p>\n<p>&nbsp;<\/p>\n<article class=\"col8 -pvs\">\n<div class=\"card-b -fh\">\n<h2 class=\"hdr -upp -fs14 -m -pam\">Principales caract\u00e9ristiques<\/h2>\n<div class=\"markup -pam\">\n<ul>\n<li>Nom du produit : Hp Elitebook 840 G6<\/li>\n<li>Micro processeur :\u00a0 Intel\u00aeCore\u2122i7-8665U, 1.9 GHz<\/li>\n<li>M\u00e9moire, standard : 16Go DDR4-3200MHz<\/li>\n<li>Graphiques vid\u00e9o :\u00a0\u00a0Intel graphique UHD int\u00e9gr\u00e9<\/li>\n<li>Taille de l&rsquo;\u00e9cran: 14&Prime;<\/li>\n<li>Disque dur : 512 Go SSD M2-nVME<\/li>\n<li>Clavier\u00a0:\u00a0<strong>AZERTY<\/strong><\/li>\n<li>Connectivit\u00e9 sans fil : Intel 802.11ac (1&#215;1)<\/li>\n<li>Interface r\u00e9seau\u00a0: LAN Ethernet 10\/100 BASE-T int\u00e9gr\u00e9<\/li>\n<li>Webcam\u00a0: Webcam HP TrueVision HD (face \u00e0 l&rsquo;avant) avec microphone num\u00e9rique int\u00e9gr\u00e9<\/li>\n<\/ul>\n<\/div>\n<\/div>\n<\/article>\n<article class=\"col8 -pvs\">\n<div class=\"card-b -fh\">\n<div class=\"markup -pam\">\n<p>&nbsp;<\/p>\n<\/div>\n<\/div>\n<\/article>\n","protected":false},"excerpt":{"rendered":"<p>D\u00e9couvrez des PC fiables qui passent facilement le test d&rsquo;ambiance. Les PC HP sont dot\u00e9s d&rsquo;une technologie fiable, d&rsquo;une puissance de pointe et de performances \u00e0 toute \u00e9preuve qui transforment vos listes de t\u00e2ches en listes de t\u00e2ches accomplies. Processeur Intel\u00ae Core\u2122 Obtenez les performances et les capacit\u00e9s graphiques dont vous avez besoin gr\u00e2ce au [&hellip;]<\/p>\n","protected":false},"featured_media":973,"comment_status":"open","ping_status":"closed","template":"","meta":[],"product_brand":[27],"product_cat":[107,142],"product_tag":[174,175,157,134,155,156],"class_list":{"0":"post-801","1":"product","2":"type-product","3":"status-publish","4":"has-post-thumbnail","6":"product_brand-hp","7":"product_cat-ordinateur","8":"product_cat-quasi-neuf","9":"product_tag-core-i7-8e","10":"product_tag-hp-elitebook-850-g6","11":"product_tag-laptop","12":"product_tag-ordinateur","13":"product_tag-pc","14":"product_tag-performance","16":"first","17":"instock","18":"sale","19":"taxable","20":"shipping-taxable","21":"purchasable","22":"product-type-simple"},"_links":{"self":[{"href":"https:\/\/www.solutstore.com\/index.php?rest_route=\/wp\/v2\/product\/801","targetHints":{"allow":["GET"]}}],"collection":[{"href":"https:\/\/www.solutstore.com\/index.php?rest_route=\/wp\/v2\/product"}],"about":[{"href":"https:\/\/www.solutstore.com\/index.php?rest_route=\/wp\/v2\/types\/product"}],"replies":[{"embeddable":true,"href":"https:\/\/www.solutstore.com\/index.php?rest_route=%2Fwp%2Fv2%2Fcomments&post=801"}],"wp:featuredmedia":[{"embeddable":true,"href":"https:\/\/www.solutstore.com\/index.php?rest_route=\/wp\/v2\/media\/973"}],"wp:attachment":[{"href":"https:\/\/www.solutstore.com\/index.php?rest_route=%2Fwp%2Fv2%2Fmedia&parent=801"}],"wp:term":[{"taxonomy":"product_brand","embeddable":true,"href":"https:\/\/www.solutstore.com\/index.php?rest_route=%2Fwp%2Fv2%2Fproduct_brand&post=801"},{"taxonomy":"product_cat","embeddable":true,"href":"https:\/\/www.solutstore.com\/index.php?rest_route=%2Fwp%2Fv2%2Fproduct_cat&post=801"},{"taxonomy":"product_tag","embeddable":true,"href":"https:\/\/www.solutstore.com\/index.php?rest_route=%2Fwp%2Fv2%2Fproduct_tag&post=801"}],"curies":[{"name":"wp","href":"https:\/\/api.w.org\/{rel}","templated":true}]}}