{"id":324,"date":"2025-03-12T18:07:48","date_gmt":"2025-03-12T17:07:48","guid":{"rendered":"http:\/\/localhost:8888\/boutique-en-ligne\/?post_type=product&#038;p=324"},"modified":"2025-10-02T23:50:18","modified_gmt":"2025-10-02T21:50:18","slug":"chargeur-dell-petit-bout-adaptateur-pour-dell-inspiron-15-19-5-4-5-3-0-3-34a-65w","status":"publish","type":"product","link":"https:\/\/www.solutstore.com\/?product=chargeur-dell-petit-bout-adaptateur-pour-dell-inspiron-15-19-5-4-5-3-0-3-34a-65w","title":{"rendered":"Chargeur Dell petit bout, adaptateur pour Dell Inspiron 15 19.5 4.5 3.0  3.34A 65W"},"content":{"rendered":"<p><strong><span id=\"tl_1\">Sp\u00e9cifications<\/span><\/strong><\/p>\n<p><span id=\"tl_2\">Marque compatible: Pour DELL<\/span><\/p>\n<p align=\"start\"><span id=\"tl_3\">Entr\u00e9e: 100 \u00e0 240V AC,50 \u00e0 60Hz (utilisation mondiale)<\/span><\/p>\n<p align=\"start\"><span id=\"tl_4\">Sortie: DC19.5V &#8211; 3.34A<\/span><\/p>\n<p align=\"start\"><span id=\"tl_5\">Puissance: 65W<\/span><\/p>\n<p align=\"start\"><span id=\"tl_6\">Connecteur: 4.5&#215;3.0mm<\/span><\/p>\n<div><strong><span id=\"tl_11\" data-spm-anchor-id=\"a2g0o.detail.1000023.i0.15f5jJiMjJiMBf\">Mod\u00e8le compatible:<\/span><\/strong><\/div>\n<div><span id=\"tl_12\">Pour Inspiron 14 3458<\/span><br \/>\n<span id=\"tl_13\">Pour<\/span><span id=\"tl_14\">Inspiron 14 3459<\/span><br \/>\n<span id=\"tl_15\">Pour<\/span>\u00a0<span id=\"tl_16\">Inspiron 14 5451<\/span><br \/>\n<span id=\"tl_17\">Pour<\/span>\u00a0<span id=\"tl_18\">Inspiron 14 5452<\/span><br \/>\n<span id=\"tl_19\">Pour<\/span><span id=\"tl_20\">Inspiron 14 5455<\/span><br \/>\n<span id=\"tl_21\">Pour<\/span><span id=\"tl_22\">Inspiron 14 5458<\/span><br \/>\n<span id=\"tl_23\">Pour<\/span><span id=\"tl_24\">Inspiron 14 5459<\/span><br \/>\n<span id=\"tl_25\">Pour<\/span><span id=\"tl_26\">Inspiron 14 5468<\/span><br \/>\n<span id=\"tl_27\">Pour<\/span><span id=\"tl_28\">Inspiron 14 7437<\/span><br \/>\n<span id=\"tl_29\">Pour<\/span><span id=\"tl_30\">Inspiron 14 7460<\/span><br \/>\n<span id=\"tl_31\">Pour<\/span><span id=\"tl_32\">Inspiron 15 3551<\/span><br \/>\n<span id=\"tl_33\">Pour<\/span><span id=\"tl_34\">Inspiron 15 3552<\/span><br \/>\n<span id=\"tl_35\">Pour<\/span><span id=\"tl_36\">Inspiron 15 3558<\/span><br \/>\n<span id=\"tl_37\">Pour<\/span><span id=\"tl_38\">Inspiron 15 3559<\/span><br \/>\n<span id=\"tl_39\">Pour<\/span><span id=\"tl_40\">Inspiron 15 5551<\/span><br \/>\n<span id=\"tl_41\">Pour<\/span><span id=\"tl_42\">Inspiron 15 5552<\/span><br \/>\n<span id=\"tl_43\">Pour<\/span><span id=\"tl_44\">Inspiron 15 5555<\/span><br \/>\n<span id=\"tl_45\">Pour Inspiron 15 5558<\/span><br \/>\n<span id=\"tl_46\">Pour<\/span><span id=\"tl_47\">Inspiron 15 5559<\/span><br \/>\n<span id=\"tl_48\">Pour<\/span><span id=\"tl_49\">Inspiron 15 5565<\/span><br \/>\n<span id=\"tl_50\">Pour<\/span><span id=\"tl_51\">Inspiron 15 5567<\/span><br \/>\n<span id=\"tl_52\">Pour Inspiron 15 5568<\/span><br \/>\n<span id=\"tl_53\">Pour<\/span><span id=\"tl_54\">Inspiron 15 5578<\/span><br \/>\n<span id=\"tl_55\">Pour<\/span><span id=\"tl_56\">Inspiron 15 7558<\/span><br \/>\n<span id=\"tl_57\">Pour<\/span><span id=\"tl_58\">Inspiron 15 7568<\/span><br \/>\n<span id=\"tl_59\">Pour<\/span><span id=\"tl_60\">Inspiron 15 7569<\/span><br \/>\n<span id=\"tl_61\">Pour<\/span><span id=\"tl_62\">Inspiron 15 7579<\/span><br \/>\n<span id=\"tl_63\">Pour<\/span><span id=\"tl_64\">Inspiron 17 5755<\/span><br \/>\n<span id=\"tl_65\">Pour<\/span><span id=\"tl_66\">Inspiron 17 5758<\/span><br \/>\n<span id=\"tl_67\">Pour<\/span><span id=\"tl_68\">Inspiron 17 5759<\/span><br \/>\n<span id=\"tl_69\">Pour<\/span><span id=\"tl_70\">Ordinateur de bureau tout-en-un Dell XPS 18 1810<\/span><br \/>\n<span id=\"tl_71\">Pour<\/span><span id=\"tl_72\">Ordinateur de bureau Dell XPS 18 1820 AIO<\/span><br \/>\n<span id=\"tl_73\">Pour<\/span><span id=\"tl_74\">Chromebook DELL 1<\/span><\/div>\n","protected":false},"excerpt":{"rendered":"<p>Sp\u00e9cifications Marque compatible: Pour DELL Entr\u00e9e: 100 \u00e0 240V AC,50 \u00e0 60Hz (utilisation mondiale) Sortie: DC19.5V &#8211; 3.34A Puissance: 65W Connecteur: 4.5&#215;3.0mm Mod\u00e8le compatible: Pour Inspiron 14 3458 PourInspiron 14 3459 Pour\u00a0Inspiron 14 5451 Pour\u00a0Inspiron 14 5452 PourInspiron 14 5455 PourInspiron 14 5458 PourInspiron 14 5459 PourInspiron 14 5468 PourInspiron 14 7437 PourInspiron 14 7460 [&hellip;]<\/p>\n","protected":false},"featured_media":325,"comment_status":"open","ping_status":"closed","template":"","meta":[],"product_brand":[28],"product_cat":[36,161],"product_tag":[152,151,134],"class_list":{"0":"post-324","1":"product","2":"type-product","3":"status-publish","4":"has-post-thumbnail","6":"product_brand-dell","7":"product_cat-accessoire","8":"product_cat-chargeur","9":"product_tag-adaptateur-secteur","10":"product_tag-chargeur","11":"product_tag-ordinateur","13":"first","14":"instock","15":"taxable","16":"shipping-taxable","17":"product-type-simple"},"_links":{"self":[{"href":"https:\/\/www.solutstore.com\/index.php?rest_route=\/wp\/v2\/product\/324","targetHints":{"allow":["GET"]}}],"collection":[{"href":"https:\/\/www.solutstore.com\/index.php?rest_route=\/wp\/v2\/product"}],"about":[{"href":"https:\/\/www.solutstore.com\/index.php?rest_route=\/wp\/v2\/types\/product"}],"replies":[{"embeddable":true,"href":"https:\/\/www.solutstore.com\/index.php?rest_route=%2Fwp%2Fv2%2Fcomments&post=324"}],"wp:featuredmedia":[{"embeddable":true,"href":"https:\/\/www.solutstore.com\/index.php?rest_route=\/wp\/v2\/media\/325"}],"wp:attachment":[{"href":"https:\/\/www.solutstore.com\/index.php?rest_route=%2Fwp%2Fv2%2Fmedia&parent=324"}],"wp:term":[{"taxonomy":"product_brand","embeddable":true,"href":"https:\/\/www.solutstore.com\/index.php?rest_route=%2Fwp%2Fv2%2Fproduct_brand&post=324"},{"taxonomy":"product_cat","embeddable":true,"href":"https:\/\/www.solutstore.com\/index.php?rest_route=%2Fwp%2Fv2%2Fproduct_cat&post=324"},{"taxonomy":"product_tag","embeddable":true,"href":"https:\/\/www.solutstore.com\/index.php?rest_route=%2Fwp%2Fv2%2Fproduct_tag&post=324"}],"curies":[{"name":"wp","href":"https:\/\/api.w.org\/{rel}","templated":true}]}}