{"id":184,"date":"2025-03-07T08:33:31","date_gmt":"2025-03-07T07:33:31","guid":{"rendered":"http:\/\/localhost:8888\/boutique-en-ligne\/?post_type=product&#038;p=184"},"modified":"2025-10-02T23:59:29","modified_gmt":"2025-10-02T21:59:29","slug":"kingston-memoire-ram-ddr4-capacite-4-go-8-go-16-go-pour-ordinateur-portable","status":"publish","type":"product","link":"https:\/\/www.solutstore.com\/?product=kingston-memoire-ram-ddr4-capacite-4-go-8-go-16-go-pour-ordinateur-portable","title":{"rendered":"Kingston-M\u00e9moire RAM,  DDR4, capacit\u00e9 4 Go 8 Go 16 Go, pour ordinateur portable"},"content":{"rendered":"<p>Boostez les performances de votre ordinateur portable avec la barrette m\u00e9moire Kingston DDR4. Disponible en 4 Go, 8 Go et 16 Go, elle offre une compatibilit\u00e9 avec toutes les fr\u00e9quences pour une mise \u00e0 niveau fluide et efficace. Id\u00e9ale pour am\u00e9liorer la rapidit\u00e9 et la r\u00e9activit\u00e9 de votre syst\u00e8me.<\/p>\n<p>Fr\u00e9quences disponibles:<\/p>\n<ol data-start=\"317\" data-end=\"606\">\n<li data-start=\"317\" data-end=\"374\"><strong data-start=\"320\" data-end=\"345\">DDR4-2133 (PC4-17000)<\/strong> \u2192 Fr\u00e9quence : <strong data-start=\"360\" data-end=\"372\">2133 MHz<\/strong><\/li>\n<li data-start=\"375\" data-end=\"432\"><strong data-start=\"378\" data-end=\"403\">DDR4-2400 (PC4-19200)<\/strong> \u2192 Fr\u00e9quence : <strong data-start=\"418\" data-end=\"430\">2400 MHz<\/strong><\/li>\n<li data-start=\"433\" data-end=\"490\"><strong data-start=\"436\" data-end=\"461\">DDR4-2666 (PC4-21300)<\/strong> \u2192 Fr\u00e9quence : <strong data-start=\"476\" data-end=\"488\">2666 MHz<\/strong><\/li>\n<li data-start=\"491\" data-end=\"548\"><strong data-start=\"494\" data-end=\"519\">DDR4-2933 (PC4-23400)<\/strong> \u2192 Fr\u00e9quence : <strong data-start=\"534\" data-end=\"546\">2933 MHz<\/strong><\/li>\n<li data-start=\"549\" data-end=\"606\"><strong data-start=\"552\" data-end=\"577\">DDR4-3200 (PC4-25600)<\/strong> \u2192 Fr\u00e9quence : <strong data-start=\"592\" data-end=\"604\">3200 MHz<\/strong><\/li>\n<\/ol>\n<h3 data-start=\"608\" data-end=\"651\"><strong data-start=\"612\" data-end=\"649\">NB: Choisir la bonne barrette m\u00e9moire<\/strong><\/h3>\n<ul data-start=\"652\" data-end=\"1019\">\n<li data-start=\"652\" data-end=\"871\"><strong data-start=\"654\" data-end=\"671\">Compatibilit\u00e9<\/strong> : V\u00e9rifiez la fr\u00e9quence maximale support\u00e9e par votre ordinateur. Une barrette de fr\u00e9quence sup\u00e9rieure peut fonctionner \u00e0 une fr\u00e9quence inf\u00e9rieure si la carte m\u00e8re le n\u00e9cessite (r\u00e9trocompatibilit\u00e9).<\/li>\n<li data-start=\"872\" data-end=\"1019\"><strong data-start=\"874\" data-end=\"886\">Capacit\u00e9<\/strong> : 4 Go pour les besoins basiques, 8 Go pour un usage polyvalent, 16 Go ou plus pour les t\u00e2ches exigeantes (graphisme, jeux, etc.).<\/li>\n<\/ul>\n<p>&nbsp;<\/p>\n","protected":false},"excerpt":{"rendered":"<p>Barrette M\u00e9moire Kingston DDR4 pour PC Portable, 4 Go, 8 Go, 16 Go, 2133 MHZ 2400 MHZ 2666 MHZ 2933 MHZ 3200 MHZ<\/p>\n<p>Choisir la capacit\u00e9 et la fr\u00e9quence correspondant \u00e0 votre besoin. En cas de doute, veuillez nous contacter pour une assistance avant de passer votre commande.<\/p>\n","protected":false},"featured_media":191,"comment_status":"open","ping_status":"closed","template":"","meta":[],"product_brand":[131],"product_cat":[36,163],"product_tag":[133,39,132],"class_list":{"0":"post-184","1":"product","2":"type-product","3":"status-publish","4":"has-post-thumbnail","6":"product_brand-kingston","7":"product_cat-accessoire","8":"product_cat-ram","9":"product_tag-barrette-memoire","10":"product_tag-neuf","11":"product_tag-ram","12":"pa_frequence-2400-mhz","13":"pa_frequence-2666-mhz","14":"pa_frequence-2933-mhz","15":"pa_frequence-2133-mhz","16":"pa_frequence-3200-mhz","18":"first","19":"instock","20":"taxable","21":"shipping-taxable","22":"purchasable","23":"product-type-variable","24":"has-default-attributes"},"_links":{"self":[{"href":"https:\/\/www.solutstore.com\/index.php?rest_route=\/wp\/v2\/product\/184","targetHints":{"allow":["GET"]}}],"collection":[{"href":"https:\/\/www.solutstore.com\/index.php?rest_route=\/wp\/v2\/product"}],"about":[{"href":"https:\/\/www.solutstore.com\/index.php?rest_route=\/wp\/v2\/types\/product"}],"replies":[{"embeddable":true,"href":"https:\/\/www.solutstore.com\/index.php?rest_route=%2Fwp%2Fv2%2Fcomments&post=184"}],"wp:featuredmedia":[{"embeddable":true,"href":"https:\/\/www.solutstore.com\/index.php?rest_route=\/wp\/v2\/media\/191"}],"wp:attachment":[{"href":"https:\/\/www.solutstore.com\/index.php?rest_route=%2Fwp%2Fv2%2Fmedia&parent=184"}],"wp:term":[{"taxonomy":"product_brand","embeddable":true,"href":"https:\/\/www.solutstore.com\/index.php?rest_route=%2Fwp%2Fv2%2Fproduct_brand&post=184"},{"taxonomy":"product_cat","embeddable":true,"href":"https:\/\/www.solutstore.com\/index.php?rest_route=%2Fwp%2Fv2%2Fproduct_cat&post=184"},{"taxonomy":"product_tag","embeddable":true,"href":"https:\/\/www.solutstore.com\/index.php?rest_route=%2Fwp%2Fv2%2Fproduct_tag&post=184"}],"curies":[{"name":"wp","href":"https:\/\/api.w.org\/{rel}","templated":true}]}}