{"id":177,"date":"2025-03-06T18:06:06","date_gmt":"2025-03-06T17:06:06","guid":{"rendered":"http:\/\/localhost:8888\/boutique-en-ligne\/?post_type=product&#038;p=177"},"modified":"2025-10-03T00:01:12","modified_gmt":"2025-10-02T22:01:12","slug":"kingston-ram-ddr3-8gb-4gb-pc3-10600-pc3-12800-pour-ordinateur-de-bureau","status":"publish","type":"product","link":"https:\/\/www.solutstore.com\/?product=kingston-ram-ddr3-8gb-4gb-pc3-10600-pc3-12800-pour-ordinateur-de-bureau","title":{"rendered":"Kingston-RAM DDR3 4Go 8Go  16Go PC3\/PC3L-10600 PC3\/PC3L-12800 PC3\/PC3L-14900 pour ordinateur de bureau"},"content":{"rendered":"<p data-start=\"1337\" data-end=\"1448\">Am\u00e9liorez les performances de votre ordinateur de bureau avec une barrette m\u00e9moire DDR3. Disponible en plusieurs capacit\u00e9s (4 Go, 8 Go, 16 Go) et fr\u00e9quences (de 1066 MHz \u00e0 2133 MHz), elle offre une vitesse et une r\u00e9activit\u00e9 accrues pour un multit\u00e2che fluide. Facile \u00e0 installer, la DDR3 est id\u00e9ale pour optimiser la rapidit\u00e9 de votre syst\u00e8me et am\u00e9liorer l&rsquo;exp\u00e9rience globale lors de vos jeux, travaux bureautiques et navigation.<\/p>\n<p data-start=\"1337\" data-end=\"1448\">La m\u00e9moire DDR3 est disponible en plusieurs fr\u00e9quences, correspondant \u00e0 des d\u00e9bits de transfert sp\u00e9cifiques :<\/p>\n<table data-start=\"1450\" data-end=\"1919\">\n<thead data-start=\"1450\" data-end=\"1519\">\n<tr data-start=\"1450\" data-end=\"1519\">\n<th data-start=\"1450\" data-end=\"1471\"><strong data-start=\"1452\" data-end=\"1470\">Nom commercial<\/strong><\/th>\n<th data-start=\"1471\" data-end=\"1494\"><strong data-start=\"1473\" data-end=\"1493\">Fr\u00e9quence r\u00e9elle<\/strong><\/th>\n<th data-start=\"1494\" data-end=\"1519\"><strong data-start=\"1496\" data-end=\"1515\">D\u00e9bit th\u00e9orique<\/strong><\/th>\n<\/tr>\n<\/thead>\n<tbody data-start=\"1587\" data-end=\"1919\">\n<tr data-start=\"1587\" data-end=\"1639\">\n<td><strong data-start=\"1589\" data-end=\"1601\">DDR3-800<\/strong> (PC3-6400)<\/td>\n<td>400 MHz<\/td>\n<td>6 400 Mo\/s<\/td>\n<\/tr>\n<tr data-start=\"1640\" data-end=\"1693\">\n<td><strong data-start=\"1642\" data-end=\"1655\">DDR3-1066<\/strong> (PC3-8500)<\/td>\n<td>533 MHz<\/td>\n<td>8 533 Mo\/s<\/td>\n<\/tr>\n<tr data-start=\"1694\" data-end=\"1749\">\n<td><strong data-start=\"1696\" data-end=\"1709\">DDR3-1333<\/strong> (PC3-10600)<\/td>\n<td>667 MHz<\/td>\n<td>10 666 Mo\/s<\/td>\n<\/tr>\n<tr data-start=\"1750\" data-end=\"1805\">\n<td><strong data-start=\"1752\" data-end=\"1765\">DDR3-1600<\/strong> (PC3-12800)<\/td>\n<td>800 MHz<\/td>\n<td>12 800 Mo\/s<\/td>\n<\/tr>\n<tr data-start=\"1806\" data-end=\"1861\">\n<td><strong data-start=\"1808\" data-end=\"1821\">DDR3-1866<\/strong> (PC3-14900)<\/td>\n<td>933 MHz<\/td>\n<td>14 900 Mo\/s<\/td>\n<\/tr>\n<tr data-start=\"1862\" data-end=\"1919\">\n<td><strong data-start=\"1864\" data-end=\"1877\">DDR3-2133<\/strong> (PC3-17000)<\/td>\n<td>1 066 MHz<\/td>\n<td>17 066 Mo\/s<\/td>\n<\/tr>\n<\/tbody>\n<\/table>\n<p>Nos RAM DDR3 Kingston sont de tr\u00e8s bonne qualit\u00e9\u00a0 et offrent des performances exceptionnelles.<\/p>\n","protected":false},"excerpt":{"rendered":"<p>Barrette M\u00e9moire DDR3 pour PC Portable 4 Go, 8 Go, 16 Go, PC3\/PC3L-10600\/12800\/14900<\/p>\n<p>Choisir la capacit\u00e9 et la fr\u00e9quence correspondant \u00e0 votre besoin. En cas de doute, veuillez nous contacter pour une assistance avant de passer votre commande.<\/p>\n","protected":false},"featured_media":289,"comment_status":"open","ping_status":"closed","template":"","meta":[],"product_brand":[131],"product_cat":[36,140,163],"product_tag":[133,134,132],"class_list":{"0":"post-177","1":"product","2":"type-product","3":"status-publish","4":"has-post-thumbnail","6":"product_brand-kingston","7":"product_cat-accessoire","8":"product_cat-neuf","9":"product_cat-ram","10":"product_tag-barrette-memoire","11":"product_tag-ordinateur","12":"product_tag-ram","13":"pa_frequence-pc3-10600","14":"pa_frequence-pc3-12800","15":"pa_frequence-pc3-14900","16":"pa_frequence-pc3l-10600","17":"pa_frequence-pc3l-12800","18":"pa_frequence-pc3l-14900","20":"first","21":"instock","22":"taxable","23":"shipping-taxable","24":"product-type-variable","25":"has-default-attributes"},"_links":{"self":[{"href":"https:\/\/www.solutstore.com\/index.php?rest_route=\/wp\/v2\/product\/177","targetHints":{"allow":["GET"]}}],"collection":[{"href":"https:\/\/www.solutstore.com\/index.php?rest_route=\/wp\/v2\/product"}],"about":[{"href":"https:\/\/www.solutstore.com\/index.php?rest_route=\/wp\/v2\/types\/product"}],"replies":[{"embeddable":true,"href":"https:\/\/www.solutstore.com\/index.php?rest_route=%2Fwp%2Fv2%2Fcomments&post=177"}],"wp:featuredmedia":[{"embeddable":true,"href":"https:\/\/www.solutstore.com\/index.php?rest_route=\/wp\/v2\/media\/289"}],"wp:attachment":[{"href":"https:\/\/www.solutstore.com\/index.php?rest_route=%2Fwp%2Fv2%2Fmedia&parent=177"}],"wp:term":[{"taxonomy":"product_brand","embeddable":true,"href":"https:\/\/www.solutstore.com\/index.php?rest_route=%2Fwp%2Fv2%2Fproduct_brand&post=177"},{"taxonomy":"product_cat","embeddable":true,"href":"https:\/\/www.solutstore.com\/index.php?rest_route=%2Fwp%2Fv2%2Fproduct_cat&post=177"},{"taxonomy":"product_tag","embeddable":true,"href":"https:\/\/www.solutstore.com\/index.php?rest_route=%2Fwp%2Fv2%2Fproduct_tag&post=177"}],"curies":[{"name":"wp","href":"https:\/\/api.w.org\/{rel}","templated":true}]}}